{"id":31266,"date":"2021-04-13T17:21:08","date_gmt":"2021-04-13T17:21:08","guid":{"rendered":"https:\/\/futurearmenian.com\/about-the-initiative\/"},"modified":"2023-09-11T14:01:59","modified_gmt":"2023-09-11T10:01:59","slug":"about-the-initiative","status":"publish","type":"page","link":"https:\/\/futurearmenian.com\/fr\/about-the-initiative\/","title":{"rendered":"\u00c0 propos de l&rsquo;initiative"},"content":{"rendered":"<p>Le FUTUR ARM\u00c9NIEN est une initiative publique lanc\u00e9e par des Arm\u00e9niens du monde entier. En ces temps de grande incertitude et de d\u00e9fis urgents, cette initiative vise \u00e0 favoriser un dialogue qui conduirait \u00e0 une compr\u00e9hension mutuelle et \u00e0 une vision d\u2019avenir pour l\u2019Arm\u00e9nie et les Arm\u00e9niens. Compte tenu de notre longue histoire de survie et de renaissance, nous avons la responsabilit\u00e9 collective d\u2019envisager l\u2019avenir de notre nation et le chemin qui nous y m\u00e8nera.<\/p>\n<p><strong>Nous visons \u00e0:<\/strong><\/p>\n<p>&#8211; <em>Surmonter la polarisation des Arm\u00e9niens<\/em>. L&rsquo;initiative forme une plateforme qui permet aux Arm\u00e9niens du monde entier, sans \u00e9gard \u00e0 leurs convictions politiques ou \u00e0 leur \u00e9tat socio-\u00e9conomique, de discuter collectivement de notre avenir commun.<\/p>\n<p>&#8211; <em>\u00c9liminer l&rsquo;atmosph\u00e8re de d\u00e9sespoir<\/em>. Afin de restaurer la confiance en l&rsquo;avenir, d&rsquo;\u00e9laborer une vision et de r\u00e9aliser des projets, il est imp\u00e9ratif de surmonter le d\u00e9sespoir et d&rsquo;avancer tout en tirant des le\u00e7ons de notre histoire.<\/p>\n<p>&#8211; <em>Formuler des solutions syst\u00e9miques<\/em>\u2024 M\u00eame s&rsquo;il est difficile de se concentrer sur l&rsquo;avenir en pr\u00e9sence des probl\u00e8mes actuels, nous devons n\u00e9anmoins cr\u00e9er des syst\u00e8mes bas\u00e9s sur nos valeurs nationales tout en posant les bases solides de l&rsquo;avenir.<\/p>\n<p>&#8211; <em>Remobiliser la soci\u00e9t\u00e9<\/em>. Le futur de l&rsquo;Arm\u00e9nie et des Arm\u00e9niens ne peut \u00eatre construit qu&rsquo;avec la participation active de chaque individu. L&rsquo;initiative vise \u00e0 mobiliser tous les groupes de la soci\u00e9t\u00e9, afin que chaque Arm\u00e9nien fasse partie de ces changements.<\/p>\n<p>&#8211; <em>Aider les gens \u00e0 prendre leurs responsabilit\u00e9s envers leur pays et leur futur<\/em>. Nous avons une responsabilit\u00e9 commune dans la pr\u00e9d\u00e9termination de l&rsquo;avenir de notre pays et dans la mise en place des voies qui y m\u00e8nent. Vu l&rsquo;urgence de nos d\u00e9fis, il est temps d&rsquo;agir maintenant et collectivement.<\/p>\n<p>Depuis mai 2021, l\u2019initiative Le FUTUR ARM\u00c9NIEN a r\u00e9ussi \u00e0 rassembler plus de 110 000 signataires issus de plus de 100 pays. Avec l&rsquo;aide d&rsquo;experts et d&rsquo;organisations internationales et r\u00e9gionales, l&rsquo;initiative a d\u00e9fini 15 objectifs qui r\u00e9sument l&rsquo;ensemble des d\u00e9fis qui se dressent devant nous. L&rsquo;initiative organise des d\u00e9bats sous deux formes principales : les conventions et les forums. Depuis son lancement, l&rsquo;initiative a organis\u00e9 plus de 130 discussions d&rsquo;experts en ligne et en pr\u00e9sentiel.<\/p>\n<p>Pour mettre en oeuvre les projets visant l&rsquo;avenir, l&rsquo;initiative Le FUTUR ARM\u00c9NIEN prioritise de rassembler les efforts des Arm\u00e9niens et de ses sympathisants, relier les projets, \u00e9viter d&rsquo;\u00e9puiser les ressources et, par cons\u00e9quent, elle est ouverte \u00e0 la coop\u00e9ration avec tous les partis int\u00e9ress\u00e9s.<\/p>\n<div class=\"slideshow-wrapper columns-2\">\n<div>\n<img loading=\"lazy\" decoding=\"async\" src=\"https:\/\/futurearmenian.com\/wp-content\/uploads\/2021\/12\/Rectangle-165.jpg\" width=\"578\" height=\"476\" alt=\"\" \/>\n<\/div>\n<div>\n<img loading=\"lazy\" decoding=\"async\" src=\"https:\/\/futurearmenian.com\/wp-content\/uploads\/2021\/12\/Rectangle-166.jpg\" width=\"578\" height=\"226\" alt=\"\" \/>\n<\/div>\n<div>\n<img loading=\"lazy\" decoding=\"async\" src=\"https:\/\/futurearmenian.com\/wp-content\/uploads\/2021\/12\/Rectangle-167.jpg\" width=\"578\" height=\"231\" alt=\"\" \/>\n<\/div>\n<\/div>\n\n<p>L\u2019initiative Le FUTUR ARM\u00c9NIEN est repr\u00e9sent\u00e9e par la Fondation pour le d\u00e9veloppement LE FUTUR ARM\u00c9NIEN, dont les fondateurs sont Noubar Afeyan, Ruben Vardanyan, Richard Azarnia et Artur Alaverdyan. L&rsquo;initiative a pour but d&rsquo;aider les initiatives visant \u00e0 s\u00e9curiser collectivement le futur de l&rsquo;Arm\u00e9nie et des Arm\u00e9niens, d&rsquo;inclure des individus et des organisations issus d&rsquo;Arm\u00e9nie, d&rsquo;Artsakh et de la diaspora, de contribuer \u00e0 la pr\u00e9servation de l&rsquo;h\u00e9ritage historique et spirituelle du peuple arm\u00e9nien ainsi qu&rsquo;\u00e0 la conservation de de son identit\u00e9, et de cr\u00e9er les conditions n\u00e9cessaires \u00e0 sa renaissance dans le contexte actuelle.<\/p>\n","protected":false},"excerpt":{"rendered":"<p>Le FUTUR ARM\u00c9NIEN est une initiative publique lanc\u00e9e par des Arm\u00e9niens du monde entier. En ces temps de grande incertitude et de d\u00e9fis urgents, cette initiative vise \u00e0 favoriser un dialogue qui conduirait \u00e0 une compr\u00e9hension mutuelle et \u00e0 une vision d\u2019avenir pour l\u2019Arm\u00e9nie et les Arm\u00e9niens. Compte tenu de notre longue histoire de survie [&hellip;]<\/p>\n","protected":false},"author":1,"featured_media":0,"parent":0,"menu_order":0,"comment_status":"closed","ping_status":"closed","template":"page-templates\/about.php","meta":{"_acf_changed":false,"footnotes":""},"class_list":["post-31266","page","type-page","status-publish","hentry"],"acf":[],"_links":{"self":[{"href":"https:\/\/futurearmenian.com\/fr\/wp-json\/wp\/v2\/pages\/31266","targetHints":{"allow":["GET"]}}],"collection":[{"href":"https:\/\/futurearmenian.com\/fr\/wp-json\/wp\/v2\/pages"}],"about":[{"href":"https:\/\/futurearmenian.com\/fr\/wp-json\/wp\/v2\/types\/page"}],"author":[{"embeddable":true,"href":"https:\/\/futurearmenian.com\/fr\/wp-json\/wp\/v2\/users\/1"}],"replies":[{"embeddable":true,"href":"https:\/\/futurearmenian.com\/fr\/wp-json\/wp\/v2\/comments?post=31266"}],"version-history":[{"count":7,"href":"https:\/\/futurearmenian.com\/fr\/wp-json\/wp\/v2\/pages\/31266\/revisions"}],"predecessor-version":[{"id":67905,"href":"https:\/\/futurearmenian.com\/fr\/wp-json\/wp\/v2\/pages\/31266\/revisions\/67905"}],"wp:attachment":[{"href":"https:\/\/futurearmenian.com\/fr\/wp-json\/wp\/v2\/media?parent=31266"}],"curies":[{"name":"wp","href":"https:\/\/api.w.org\/{rel}","templated":true}]}}