{"id":31351,"date":"2021-07-01T19:26:35","date_gmt":"2021-07-01T15:26:35","guid":{"rendered":"https:\/\/futurearmenian.com\/analytics\/"},"modified":"2021-12-29T22:25:08","modified_gmt":"2021-12-29T18:25:08","slug":"analytics","status":"publish","type":"page","link":"https:\/\/futurearmenian.com\/fr\/analytics\/","title":{"rendered":"Futures Studio Analytics"},"content":{"rendered":"<p>L&rsquo;objectif principal de Futures Studio Analytics est de r\u00e9diger des rapports int\u00e9ressants et informatifs, bas\u00e9s sur des analyses objectives. Nous prenons des sujets r\u00e9els qui sont int\u00e9ressants pour un public large, des ensembles de donn\u00e9es fiables et les consolidons pour obtenir des rapports int\u00e9ressants et lisibles.<\/p>\n","protected":false},"excerpt":{"rendered":"<p>L&rsquo;objectif principal de Futures Studio Analytics est de r\u00e9diger des rapports int\u00e9ressants et informatifs, bas\u00e9s sur des analyses objectives. Nous prenons des sujets r\u00e9els qui sont int\u00e9ressants pour un public large, des ensembles de donn\u00e9es fiables et les consolidons pour obtenir des rapports int\u00e9ressants et lisibles.<\/p>\n","protected":false},"author":1,"featured_media":0,"parent":0,"menu_order":0,"comment_status":"closed","ping_status":"closed","template":"page-templates\/reports.php","meta":{"_acf_changed":false,"footnotes":""},"class_list":["post-31351","page","type-page","status-publish","hentry"],"acf":[],"_links":{"self":[{"href":"https:\/\/futurearmenian.com\/fr\/wp-json\/wp\/v2\/pages\/31351","targetHints":{"allow":["GET"]}}],"collection":[{"href":"https:\/\/futurearmenian.com\/fr\/wp-json\/wp\/v2\/pages"}],"about":[{"href":"https:\/\/futurearmenian.com\/fr\/wp-json\/wp\/v2\/types\/page"}],"author":[{"embeddable":true,"href":"https:\/\/futurearmenian.com\/fr\/wp-json\/wp\/v2\/users\/1"}],"replies":[{"embeddable":true,"href":"https:\/\/futurearmenian.com\/fr\/wp-json\/wp\/v2\/comments?post=31351"}],"version-history":[{"count":0,"href":"https:\/\/futurearmenian.com\/fr\/wp-json\/wp\/v2\/pages\/31351\/revisions"}],"wp:attachment":[{"href":"https:\/\/futurearmenian.com\/fr\/wp-json\/wp\/v2\/media?parent=31351"}],"curies":[{"name":"wp","href":"https:\/\/api.w.org\/{rel}","templated":true}]}}