{"id":31487,"date":"2021-04-11T09:26:51","date_gmt":"2021-04-11T09:26:51","guid":{"rendered":"https:\/\/futurearmenian.com\/privacy-policy\/"},"modified":"2022-06-22T16:33:45","modified_gmt":"2022-06-22T12:33:45","slug":"privacy-policy","status":"publish","type":"page","link":"https:\/\/futurearmenian.com\/fr\/privacy-policy\/","title":{"rendered":"Politique de confidentialit\u00e9"},"content":{"rendered":"<p>La pr\u00e9sente politique de confidentialit\u00e9 (ci-apr\u00e8s &#8211; la \u00ab<strong>Politique<\/strong>\u00bb) s&rsquo;applique \u00e0 toutes les informations qui peuvent \u00eatre fournies \u00e0 <strong>la Fondation pour le d\u00e9veloppement<\/strong> <strong>\u00abLe FUTUR ARM\u00c9NIEN\u00bb<\/strong> (ci-apr\u00e8s &#8211; la \u00ab<strong>Fondation\u00bb<\/strong>) lors de l&rsquo;utilisation du site Web <a href=\"https:\/\/futurearmenian\u2024com\">https:\/\/futurearmenian\u2024com<\/a> (ci-apr\u00e8s \u2013 le \u00ab<strong>Site<\/strong>\u00bb), et explique comment la Fondation utilise ces informations.<\/p>\n<p><strong>1. TERMES ET D\u00c9FINITIONS<\/strong><\/p>\n<p>1.1. Dans la pr\u00e9sente Politique, les termes suivants sont utilis\u00e9s:<br \/>\n1.1.1. \u00abcookie\u00bb &#8211; un petit fichier qui contient des informations sur les visites pr\u00e9c\u00e9dentes du site web;<br \/>\n1.1.2. \u00abdonn\u00e9es personnelles\u00bb &#8211; toute information se rapportant directement ou indirectement \u00e0 une personne physique particuli\u00e8re ou identifi\u00e9e (\u00abpersonne concern\u00e9e\u00bb), ce qui, aux fins de la pr\u00e9sente politique, comprend les \u00e9l\u00e9ments suivants:<\/p>\n<p>1) les donn\u00e9es qui sont automatiquement soumises par l&rsquo;utilisation des pages du site web:<\/p>\n<ul>\n<li>adresse IP, source des visites du Site Internet et informations de recherche ou de demande de publicit\u00e9;<\/li>\n<li>les donn\u00e9es relatives au dispositif de l&rsquo;utilisateur (en particulier, la r\u00e9solution de l&rsquo;\u00e9cran, la version du navigateur et d&rsquo;autres attributs qui caract\u00e9risent le dispositif de l&rsquo;utilisateur);<\/li>\n<li>les clics de l&rsquo;utilisateur, les visites sur les \u00e9l\u00e9ments des pages du site web, le remplissage des champs, les pages vues, les donn\u00e9es sur les banni\u00e8res et les vid\u00e9os vues;<\/li>\n<li>les donn\u00e9es caract\u00e9risant les segments d&rsquo;audience;<\/li>\n<li>les param\u00e8tres d&rsquo;une session;<\/li>\n<li>des informations sur l&rsquo;heure et la dur\u00e9e d&rsquo;une visite;<\/li>\n<li>les identifiants de l&rsquo;utilisateur stock\u00e9s dans les fichiers \u00abcookies\u00bb.<\/li>\n<\/ul>\n<p>&nbsp;<\/p>\n<p>2) les donn\u00e9es qui sont remplies par l&rsquo;utilisateur pour adh\u00e9rer \u00e0 l&rsquo;initiative \u00abLe FUTUR ARM\u00c9NIEN. Destination et objectifs\u00bb:<\/p>\n<ul>\n<li>le nom, le pr\u00e9nom de l&rsquo;utilisateur;<\/li>\n<li>l&rsquo;adresse \u00e9lectronique de l&rsquo;utilisateur<\/li>\n<li>le num\u00e9ro de t\u00e9l\u00e9phone de l&rsquo;utilisateur<\/li>\n<li>le pays de r\u00e9sidence de l&rsquo;utilisateur ;<\/li>\n<li>la fonction et le lieu de travail de l&rsquo;utilisateur ;<\/li>\n<li>l&rsquo;adresse \u00e9lectronique des amis de l&rsquo;utilisateur (facultatif).<\/li>\n<\/ul>\n<p>1.1.3. \u00abtraitement des donn\u00e9es personnelles\u00bb &#8211; toute op\u00e9ration ou ensemble d&rsquo;op\u00e9rations, quels que soient leur forme et leur mode de mise en \u0153uvre (y compris automatis\u00e9, avec ou sans utilisation de moyens techniques), li\u00e9es \u00e0 la collecte, la stipulation, la saisie, la syst\u00e9matisation, l&rsquo;organisation, la conservation, l&rsquo;utilisation, la modification, la restauration, la cession, la rectification, le verrouillage ou la destruction des donn\u00e9es personnelles ou \u00e0 la r\u00e9alisation d&rsquo;autres op\u00e9rations, dans le respect de la l\u00e9gislation applicable;<br \/>\n1.1.4. \u00abconfidentialit\u00e9 des donn\u00e9es personnelles\u00bb &#8211; obligation pour la Fondation d&#8217;emp\u00eacher la divulgation intentionnelle de donn\u00e9es personnelles sans le consentement de la personne concern\u00e9e ou en l&rsquo;absence de tout motif l\u00e9gitime;<br \/>\n1.1.5. \u00abutilisateur\u00bb &#8211; une personne concern\u00e9e par les donn\u00e9es personnelles, qui a acc\u00e8s au site Web via Internet et qui utilise le site Web \u00e0 ses fins;<br \/>\n1.1.6. \u00abAdresse IP\u00bb &#8211; adresse du r\u00e9seau unique d&rsquo;une unit\u00e9 de r\u00e9seau informatique construite conform\u00e9ment au protocole IP.<\/p>\n<p><strong>2. CONSENTEMENT AU TRAITEMENT DES DONN\u00c9ES PERSONNELLES<\/strong><\/p>\n<p>2.1. Agissant par sa propre volont\u00e9 et dans son propre int\u00e9r\u00eat lors de l&rsquo;utilisation du site web, l&rsquo;utilisateur donne \u00e0 la Fondation son consentement au traitement automatis\u00e9 de ses donn\u00e9es personnelles.<br \/>\n2.2. Le consentement au traitement des donn\u00e9es personnelles est effectif \u00e0 partir du moment o\u00f9 l&rsquo;utilisateur entre sur le site Web et (ou) remplit ces donn\u00e9es jusqu&rsquo;\u00e0 son retrait. L&rsquo;utilisation du site Web implique le consentement \u00e0 la pr\u00e9sente politique et aux conditions de traitement des donn\u00e9es personnelles.<br \/>\n2.3. Ce consentement peut \u00eatre retir\u00e9 au moyen d&rsquo;une notification \u00e9crite envoy\u00e9e \u00e0 l&rsquo;adresse de la Fondation, comme indiqu\u00e9 dans la section \u00abInformations de contact\u00bb, demandant l&rsquo;arr\u00eat du traitement des donn\u00e9es personnelles.<br \/>\n2.4. Si l&rsquo;utilisateur n&rsquo;est pas d&rsquo;accord avec les termes et conditions de la pr\u00e9sente politique, il doit imm\u00e9diatement cesser d&rsquo;utiliser le site web.<\/p>\n<p><strong>3. TRAITEMENT DES DONN\u00c9ES PERSONNELLES<\/strong><\/p>\n<p>3.1. La Fondation peut effectuer un traitement de donn\u00e9es personnelles aux fins de:<\/p>\n<p>a) la v\u00e9rification d&rsquo;une personne avant l&rsquo;accord sur les mat\u00e9riaux soumis sur le site Web;<br \/>\nb) se mettre en rapport avec l&rsquo;utilisateur en ce qui concerne les informations soumises;<br \/>\nc) indiquer \u00e0 l&rsquo;utilisateur qu&rsquo;il est l&rsquo;auteur ou le r\u00e9dacteur du mat\u00e9riel soumis;<br \/>\nd) examiner les demandes de l&rsquo;utilisateur et assurer une connexion imm\u00e9diate avec l&rsquo;utilisateur;<br \/>\ne) assurer la possibilit\u00e9 d&rsquo;une recherche personnalis\u00e9e par l&rsquo;utilisateur lors de l&rsquo;utilisation du site Web;<br \/>\nf) la distribution des bulletins d&rsquo;information auxquels l&rsquo;utilisateur s&rsquo;est abonn\u00e9, et l&rsquo;information sur les \u00e9v\u00e9nements de la Fondation;<br \/>\ng) l&rsquo;identification des pr\u00e9f\u00e9rences de l&rsquo;utilisateur, la personnalisation et l&rsquo;am\u00e9lioration de la convivialit\u00e9 du site web;<br \/>\nh) la cr\u00e9ation de statistiques d\u00e9taill\u00e9es sur les utilisateurs du site.<br \/>\n3.2. La Fondation n&rsquo;effectuera pas le traitement des donn\u00e9es personnelles fournies par l&rsquo;utilisateur \u00e0 des fins autres que celles \u00e9num\u00e9r\u00e9es ci-dessus ou prescrites par la loi applicable.<br \/>\n3.3. La Fondation conserve les donn\u00e9es personnelles fournies par l&rsquo;utilisateur aussi longtemps qu&rsquo;elles sont n\u00e9cessaires aux fins du traitement des donn\u00e9es personnelles.<br \/>\n3.4. Des fichiers \u00abcookies\u00bb sont utilis\u00e9s pour identifier les pr\u00e9f\u00e9rences de l&rsquo;utilisateur, le personnaliser et am\u00e9liorer la convivialit\u00e9 du site. Si l&rsquo;utilisateur ne souhaite pas utiliser de fichiers \u00abcookies\u00bb, il doit modifier les param\u00e8tres de son navigateur Web. L&rsquo;utilisateur est conscient que la d\u00e9sactivation des cookies peut entra\u00eener l&rsquo;impossibilit\u00e9 d&rsquo;acc\u00e9der au site Web.<br \/>\n3.5. Le traitement des donn\u00e9es personnelles est effectu\u00e9 en utilisant les applications web sp\u00e9cialis\u00e9es \u00abGoogle Analytics\u00bb et \u00abYandex.Metrica\u00bb, conform\u00e9ment aux r\u00e8gles dont les liens sont fournis ci-dessous. L&rsquo;utilisateur exprime par la pr\u00e9sente son consentement au transfert des donn\u00e9es personnelles susmentionn\u00e9es \u00e0 Google LLC (7, Balchug Street, Moscou, Russie, 115035) et Yandex LLC (16, Lev Tolstoy Street, Moscou, Russie, 119034), y compris le transfert transfrontalier. Le transfert transfrontalier de donn\u00e9es \u00e0 caract\u00e8re personnel est effectu\u00e9 conform\u00e9ment \u00e0 la l\u00e9gislation applicable, sous r\u00e9serve que les conditions d&rsquo;un niveau de protection ad\u00e9quat des donn\u00e9es \u00e0 caract\u00e8re personnel soient remplies.<\/p>\n<p><a href=\"https:\/\/policies.google.com\/privacy?hl=fr\" rel=\"noopener\">Politique de confidentialit\u00e9 de Google Analytics<\/a><br \/>\n<a href=\"https:\/\/metrica.yandex.com\/about\/info\/privacy-policy\" rel=\"noopener\">Politique de confidentialit\u00e9 de Yandex.Metrica<\/a><\/p>\n<p>3.6. La Fondation respecte la confidentialit\u00e9 des donn\u00e9es personnelles transmises par l&rsquo;utilisateur, conform\u00e9ment \u00e0 la l\u00e9gislation applicable.<br \/>\n3.7. Les donn\u00e9es personnelles de l&rsquo;utilisateur ne peuvent \u00eatre transf\u00e9r\u00e9es aux organismes d&rsquo;\u00c9tat autoris\u00e9s que pour les motifs et conform\u00e9ment \u00e0 la loi.<\/p>\n<p><strong>4. DROITS DE L&rsquo;UTILISATEUR<\/strong><\/p>\n<p>4.1. Apr\u00e8s le transfert des donn\u00e9es personnelles \u00e0 la Fondation et pendant que la Fondation traite les donn\u00e9es personnelles, l&rsquo;utilisateur du site Web, en tant que personne concern\u00e9e, peut exercer les droits suivants. Plus pr\u00e9cis\u00e9ment :<\/p>\n<ul>\n<li><span style=\"text-decoration: underline;\"><strong>Droit d&rsquo;acc\u00e8s<\/strong><\/span> &#8211; L&rsquo;utilisateur a le droit de demander une copie des informations le concernant que la Fondation d\u00e9tient.<\/li>\n<li><span style=\"text-decoration: underline;\"><strong>Droit de rectification<\/strong><\/span> &#8211; L&rsquo;utilisateur a le droit de corriger les donn\u00e9es que la Fondation d\u00e9tient \u00e0 son sujet qui sont inexactes ou incompl\u00e8tes.<\/li>\n<li><span style=\"text-decoration: underline;\"><strong>Droit \u00e0 l&rsquo;oubli<\/strong><\/span> &#8211; L&rsquo;utilisateur a le droit, dans certaines circonstances, de demander que les donn\u00e9es que la Fondation d\u00e9tient sur lui soient effac\u00e9es des registres de la Fondation.<\/li>\n<li><span style=\"text-decoration: underline;\"><strong>Droit \u00e0 la limitation du traitement<\/strong><\/span> &#8211; Dans certaines conditions, l&rsquo;utilisateur a le droit de limiter le traitement de ses donn\u00e9es personnelles.<\/li>\n<li><span style=\"text-decoration: underline;\"><strong>Droit \u00e0 la portabilit\u00e9<\/strong><\/span> &#8211; L&rsquo;utilisateur a le droit de faire transf\u00e9rer \u00e0 une autre organisation les donn\u00e9es que la Fondation d\u00e9tient \u00e0 son sujet.<\/li>\n<li><span style=\"text-decoration: underline;\"><strong>Droit d&rsquo;opposition<\/strong><\/span> &#8211; L&rsquo;utilisateur a le droit de s&rsquo;opposer \u00e0 certains types de traitement ou de demander l&rsquo;arr\u00eat ou la limitation du traitement de ses donn\u00e9es personnelles.<\/li>\n<\/ul>\n<p>4.2. Pour exercer ces droits, l&rsquo;utilisateur doit contacter la Fondation en utilisant les coordonn\u00e9es indiqu\u00e9es dans la section \u00abInformations de contact\u00bb. En cas de refus de la Fondation de donner acc\u00e8s aux donn\u00e9es personnelles soumises, la Fondation communiquera un refus motiv\u00e9 \u00e0 l&rsquo;utilisateur.<br \/>\n4.3. Dans le cas o\u00f9 l&rsquo;utilisateur ne consent pas au refus de la Fondation de lui donner acc\u00e8s aux donn\u00e9es personnelles, l&rsquo;utilisateur du site web peut d\u00e9poser une plainte contre la Fondation, comme indiqu\u00e9 dans la section \u00abPlaintes\u00bb du site web.<\/p>\n<p><strong>5. S\u00c9CURIT\u00c9 ET RESPONSABILIT\u00c9<\/strong><\/p>\n<p>5.1. La Fondation prend les mesures juridiques, organisationnelles et techniques n\u00e9cessaires \u00e0 la protection des donn\u00e9es personnelles contre tout acc\u00e8s illicite ou involontaire, ainsi que contre toute autre action illicite des tiers.<br \/>\n5.2. La Fondation est responsable de la divulgation intentionnelle des donn\u00e9es personnelles de l&rsquo;utilisateur conform\u00e9ment \u00e0 la l\u00e9gislation en vigueur, \u00e0 l&rsquo;exception des cas pr\u00e9vus aux articles 3.5. et 3.6. de la pr\u00e9sente politique.<br \/>\n5.3. La Fondation n&rsquo;est pas responsable de la perte ou de la divulgation de donn\u00e9es personnelles si celles-ci :<br \/>\n5.3.1. sont dans le domaine public avant d&rsquo;\u00eatre perdues ou divulgu\u00e9es ;<br \/>\n5.3.2. ont \u00e9t\u00e9 \u00e9labor\u00e9es de mani\u00e8re ind\u00e9pendante par les tiers ;<br \/>\n5.3.3. ont \u00e9t\u00e9 obtenues par des tiers par le biais d&rsquo;un acc\u00e8s non autoris\u00e9 aux fichiers du site Web ;<br \/>\n5.3.4. a \u00e9t\u00e9 divulgu\u00e9 avec le consentement de l&rsquo;utilisateur.<br \/>\n5.4. L&rsquo;utilisateur est responsable de la l\u00e9galit\u00e9, de l&rsquo;exactitude et de la v\u00e9racit\u00e9 des donn\u00e9es personnelles soumises, conform\u00e9ment \u00e0 la l\u00e9gislation applicable.<\/p>\n<p><strong>6. DISPOSITIONS FINALES<\/strong><\/p>\n<p>6.1. La pr\u00e9sente Politique s&rsquo;applique uniquement \u00e0 ce site web. La Fondation ne contr\u00f4le pas et n&rsquo;est pas responsable des sites web des tiers auxquels l&rsquo;utilisateur peut acc\u00e9der via les liens disponibles sur ce site web.<br \/>\n6.2. Cette Politique est r\u00e9gie par les lois de la R\u00e9publique d&rsquo;Arm\u00e9nie.<br \/>\n6.3. La Fondation peut modifier cette Politique \u00e0 tout moment sans le consentement de l&rsquo;utilisateur.<br \/>\n6.4. La Politique modifi\u00e9e entre en vigueur \u00e0 partir du moment o\u00f9 elle est publi\u00e9e sur le site Web, sauf disposition contraire dans la nouvelle version de la Politique.<br \/>\n6.5. L&rsquo;utilisateur peut recevoir des \u00e9claircissements concernant le traitement de ses donn\u00e9es personnelles en envoyant une demande \u00e9crite ou un courrier \u00e9lectronique aux coordonn\u00e9es indiqu\u00e9es dans la section \u00abInformations de contact\u00bb.<\/p>\n","protected":false},"excerpt":{"rendered":"<p>La pr\u00e9sente politique de confidentialit\u00e9 (ci-apr\u00e8s &#8211; la \u00abPolitique\u00bb) s&rsquo;applique \u00e0 toutes les informations qui peuvent \u00eatre fournies \u00e0 la Fondation pour le d\u00e9veloppement \u00abLe FUTUR ARM\u00c9NIEN\u00bb (ci-apr\u00e8s &#8211; la \u00abFondation\u00bb) lors de l&rsquo;utilisation du site Web https:\/\/futurearmenian\u2024com (ci-apr\u00e8s \u2013 le \u00abSite\u00bb), et explique comment la Fondation utilise ces informations. 1. TERMES ET D\u00c9FINITIONS 1.1. [&hellip;]<\/p>\n","protected":false},"author":1,"featured_media":0,"parent":0,"menu_order":0,"comment_status":"closed","ping_status":"closed","template":"","meta":{"_acf_changed":false,"footnotes":""},"class_list":["post-31487","page","type-page","status-publish","hentry"],"acf":[],"_links":{"self":[{"href":"https:\/\/futurearmenian.com\/fr\/wp-json\/wp\/v2\/pages\/31487","targetHints":{"allow":["GET"]}}],"collection":[{"href":"https:\/\/futurearmenian.com\/fr\/wp-json\/wp\/v2\/pages"}],"about":[{"href":"https:\/\/futurearmenian.com\/fr\/wp-json\/wp\/v2\/types\/page"}],"author":[{"embeddable":true,"href":"https:\/\/futurearmenian.com\/fr\/wp-json\/wp\/v2\/users\/1"}],"replies":[{"embeddable":true,"href":"https:\/\/futurearmenian.com\/fr\/wp-json\/wp\/v2\/comments?post=31487"}],"version-history":[{"count":0,"href":"https:\/\/futurearmenian.com\/fr\/wp-json\/wp\/v2\/pages\/31487\/revisions"}],"wp:attachment":[{"href":"https:\/\/futurearmenian.com\/fr\/wp-json\/wp\/v2\/media?parent=31487"}],"curies":[{"name":"wp","href":"https:\/\/api.w.org\/{rel}","templated":true}]}}