{"id":37523,"date":"2021-10-21T20:20:22","date_gmt":"2021-10-21T16:20:22","guid":{"rendered":"https:\/\/futurearmenian.com\/?page_id=37523"},"modified":"2023-08-23T09:11:52","modified_gmt":"2023-08-23T05:11:52","slug":"armenia-2021-armenia-2041-research-report","status":"publish","type":"page","link":"https:\/\/futurearmenian.com\/fr\/armenia-2021-armenia-2041-research-report\/","title":{"rendered":"Recherche \u00ab Arm\u00e9nie 2021-2041 \u00bb en collaboration avec McKinsey &#038; Company"},"content":{"rendered":"<p>Le rapport de recherche \u00ab\u00a0Armenia 2021 &#8211; Armenia 2041\u00a0\u00bb est pr\u00e9par\u00e9 par la fondation Armenia 2041 en coop\u00e9ration avec le cabinet international de conseil McKinsey &amp; Company. Le rapport analyse les conditions macro-\u00e9conomiques actuelles de l&rsquo;Arm\u00e9nie et pr\u00e9sente les cinq secteurs prioritaires (agriculture, haute technologie, sant\u00e9, \u00e9ducation, tourisme) ainsi que les perspectives de d\u00e9veloppement pour chaque secteur.<\/p>\n<p>Le rapport donne un aper\u00e7u de l&rsquo;\u00e9conomie arm\u00e9nienne actuelle et de son \u00e9volution au cours des 20 derni\u00e8res ann\u00e9es dans le contexte des mod\u00e8les de croissance d&rsquo;Arm\u00e9nie 2040.<\/p>\n<p>Le r\u00e9sum\u00e9 ex\u00e9cutif peut \u00eatre t\u00e9l\u00e9charg\u00e9 sur le site web.<\/p>\n<p>Les rapports sectoriels approfondis seront disponibles \u00e0 t\u00e9l\u00e9charger pour les signataires du FUTUR ARM\u00c9NIEN.<\/p>\n","protected":false},"excerpt":{"rendered":"<p>Le rapport de recherche \u00ab\u00a0Armenia 2021 &#8211; Armenia 2041\u00a0\u00bb est pr\u00e9par\u00e9 par la fondation Armenia 2041 en coop\u00e9ration avec le cabinet international de conseil McKinsey &amp; Company. Le rapport analyse les conditions macro-\u00e9conomiques actuelles de l&rsquo;Arm\u00e9nie et pr\u00e9sente les cinq secteurs prioritaires (agriculture, haute technologie, sant\u00e9, \u00e9ducation, tourisme) ainsi que les perspectives de d\u00e9veloppement pour [&hellip;]<\/p>\n","protected":false},"author":1,"featured_media":0,"parent":0,"menu_order":0,"comment_status":"closed","ping_status":"closed","template":"page-templates\/mckinsy-reports.php","meta":{"_acf_changed":false,"footnotes":""},"class_list":["post-37523","page","type-page","status-publish","hentry"],"acf":[],"_links":{"self":[{"href":"https:\/\/futurearmenian.com\/fr\/wp-json\/wp\/v2\/pages\/37523","targetHints":{"allow":["GET"]}}],"collection":[{"href":"https:\/\/futurearmenian.com\/fr\/wp-json\/wp\/v2\/pages"}],"about":[{"href":"https:\/\/futurearmenian.com\/fr\/wp-json\/wp\/v2\/types\/page"}],"author":[{"embeddable":true,"href":"https:\/\/futurearmenian.com\/fr\/wp-json\/wp\/v2\/users\/1"}],"replies":[{"embeddable":true,"href":"https:\/\/futurearmenian.com\/fr\/wp-json\/wp\/v2\/comments?post=37523"}],"version-history":[{"count":1,"href":"https:\/\/futurearmenian.com\/fr\/wp-json\/wp\/v2\/pages\/37523\/revisions"}],"predecessor-version":[{"id":67705,"href":"https:\/\/futurearmenian.com\/fr\/wp-json\/wp\/v2\/pages\/37523\/revisions\/67705"}],"wp:attachment":[{"href":"https:\/\/futurearmenian.com\/fr\/wp-json\/wp\/v2\/media?parent=37523"}],"curies":[{"name":"wp","href":"https:\/\/api.w.org\/{rel}","templated":true}]}}