{"id":41757,"date":"2021-12-28T22:05:42","date_gmt":"2021-12-28T18:05:42","guid":{"rendered":"https:\/\/futurearmenian.com\/?page_id=41757"},"modified":"2021-12-29T19:48:22","modified_gmt":"2021-12-29T15:48:22","slug":"polls","status":"publish","type":"page","link":"https:\/\/futurearmenian.com\/fr\/polls\/","title":{"rendered":"Sondages"},"content":{"rendered":"<p>Le FUTUR ARM\u00c9NIEN vise \u00e0 donner \u00e0 ses signataires l&rsquo;opportunit\u00e9 d&rsquo;exprimer leurs opinions sur les 15 objectifs, ainsi que sur des questions nationales et internationales urgentes. Les sondages permettront au FUTUR ARM\u00c9NIEN de d\u00e9fendre des politiques qui correspondent \u00e0 la vari\u00e9t\u00e9 des opinions re\u00e7ues.<\/p>\n","protected":false},"excerpt":{"rendered":"<p>Le FUTUR ARM\u00c9NIEN vise \u00e0 donner \u00e0 ses signataires l&rsquo;opportunit\u00e9 d&rsquo;exprimer leurs opinions sur les 15 objectifs, ainsi que sur des questions nationales et internationales urgentes. Les sondages permettront au FUTUR ARM\u00c9NIEN de d\u00e9fendre des politiques qui correspondent \u00e0 la vari\u00e9t\u00e9 des opinions re\u00e7ues.<\/p>\n","protected":false},"author":1,"featured_media":0,"parent":0,"menu_order":0,"comment_status":"closed","ping_status":"closed","template":"page-templates\/polls.php","meta":{"_acf_changed":false,"footnotes":""},"class_list":["post-41757","page","type-page","status-publish","hentry"],"acf":[],"_links":{"self":[{"href":"https:\/\/futurearmenian.com\/fr\/wp-json\/wp\/v2\/pages\/41757","targetHints":{"allow":["GET"]}}],"collection":[{"href":"https:\/\/futurearmenian.com\/fr\/wp-json\/wp\/v2\/pages"}],"about":[{"href":"https:\/\/futurearmenian.com\/fr\/wp-json\/wp\/v2\/types\/page"}],"author":[{"embeddable":true,"href":"https:\/\/futurearmenian.com\/fr\/wp-json\/wp\/v2\/users\/1"}],"replies":[{"embeddable":true,"href":"https:\/\/futurearmenian.com\/fr\/wp-json\/wp\/v2\/comments?post=41757"}],"version-history":[{"count":0,"href":"https:\/\/futurearmenian.com\/fr\/wp-json\/wp\/v2\/pages\/41757\/revisions"}],"wp:attachment":[{"href":"https:\/\/futurearmenian.com\/fr\/wp-json\/wp\/v2\/media?parent=41757"}],"curies":[{"name":"wp","href":"https:\/\/api.w.org\/{rel}","templated":true}]}}