{"id":41765,"date":"2021-12-28T22:08:12","date_gmt":"2021-12-28T18:08:12","guid":{"rendered":"https:\/\/futurearmenian.com\/?page_id=41765"},"modified":"2021-12-29T19:47:22","modified_gmt":"2021-12-29T15:47:22","slug":"surveys","status":"publish","type":"page","link":"https:\/\/futurearmenian.com\/fr\/surveys\/","title":{"rendered":"Enqu\u00eates"},"content":{"rendered":"<p>Le FUTUR ARM\u00c9NIEN vise \u00e0 donner \u00e0 ses signataires l&rsquo;occasion d&rsquo;exprimer leur opinion sur les 15 objectifs, ainsi que sur des questions nationales et internationales urgentes.<\/p>\n<p>A cet effet, le FUTUR ARM\u00c9NIEN r\u00e9alisera des enqu\u00eates et des sondages dans les mois \u00e0 venir. En fin de compte, le FUTUR ARM\u00c9NIEN entend mieux comprendre ses signataires, int\u00e9grer les commentaires re\u00e7us dans ses propres strat\u00e9gies et les utiliser pour fa\u00e7onner ses activit\u00e9s futures. Les enqu\u00eates et les sondages permettront \u00e9galement au FUTUR ARM\u00c9NIEN de plaider pour des politiques qui correspondent \u00e0 la vari\u00e9t\u00e9 des opinions re\u00e7ues.<\/p>\n<p>Afin d&rsquo;encourager la transparence et le partage des id\u00e9es, les r\u00e9sultats des enqu\u00eates seront publi\u00e9s sur le site web tout en encouragenant la participation aux enqu\u00eates en cours.<\/p>\n","protected":false},"excerpt":{"rendered":"<p>Le FUTUR ARM\u00c9NIEN vise \u00e0 donner \u00e0 ses signataires l&rsquo;occasion d&rsquo;exprimer leur opinion sur les 15 objectifs, ainsi que sur des questions nationales et internationales urgentes. A cet effet, le FUTUR ARM\u00c9NIEN r\u00e9alisera des enqu\u00eates et des sondages dans les mois \u00e0 venir. En fin de compte, le FUTUR ARM\u00c9NIEN entend mieux comprendre ses signataires, [&hellip;]<\/p>\n","protected":false},"author":1,"featured_media":0,"parent":0,"menu_order":0,"comment_status":"closed","ping_status":"closed","template":"page-templates\/surveys.php","meta":{"_acf_changed":false,"footnotes":""},"class_list":["post-41765","page","type-page","status-publish","hentry"],"acf":[],"_links":{"self":[{"href":"https:\/\/futurearmenian.com\/fr\/wp-json\/wp\/v2\/pages\/41765","targetHints":{"allow":["GET"]}}],"collection":[{"href":"https:\/\/futurearmenian.com\/fr\/wp-json\/wp\/v2\/pages"}],"about":[{"href":"https:\/\/futurearmenian.com\/fr\/wp-json\/wp\/v2\/types\/page"}],"author":[{"embeddable":true,"href":"https:\/\/futurearmenian.com\/fr\/wp-json\/wp\/v2\/users\/1"}],"replies":[{"embeddable":true,"href":"https:\/\/futurearmenian.com\/fr\/wp-json\/wp\/v2\/comments?post=41765"}],"version-history":[{"count":0,"href":"https:\/\/futurearmenian.com\/fr\/wp-json\/wp\/v2\/pages\/41765\/revisions"}],"wp:attachment":[{"href":"https:\/\/futurearmenian.com\/fr\/wp-json\/wp\/v2\/media?parent=41765"}],"curies":[{"name":"wp","href":"https:\/\/api.w.org\/{rel}","templated":true}]}}