{"id":67579,"date":"2023-08-21T13:20:39","date_gmt":"2023-08-21T09:20:39","guid":{"rendered":"https:\/\/futurearmenian.com\/?page_id=67579"},"modified":"2023-08-21T17:15:29","modified_gmt":"2023-08-21T13:15:29","slug":"comites-dexperts","status":"publish","type":"page","link":"https:\/\/futurearmenian.com\/fr\/convention\/comites-dexperts\/","title":{"rendered":"Comit\u00e9s d\u2019experts"},"content":{"rendered":"<p>Les Comit\u00e9s d\u2019experts ont \u00e9t\u00e9 form\u00e9s au cours de la premi\u00e8re phase pr\u00e9paratoire de la Convention. Apr\u00e8s plusieurs r\u00e9unions, ils ont \u00e9labor\u00e9 des projets de sc\u00e9narios et de recommandations pour chaque objectif, bas\u00e9s sur les avis d\u2019experts. Pour la recherche et l\u2019analyse de chaque objectif, l\u2019initiative Le FUTUR ARM\u00c9NIEN a invit\u00e9 les meilleurs sp\u00e9cialistes dans ces domaines, issus tant d\u2019Arm\u00e9nie que de la Diaspora. Les travaux des comit\u00e9s se sont d\u00e9roul\u00e9s en pr\u00e9sentiel, ainsi qu\u2019en ligne et en version hybride, auxquelles, en cas de volont\u00e9, pourraient participer \u00e9galement d\u2019autres sp\u00e9cialistes desdits domaines.<\/p>\n<p>L\u2019un des principes fondamentaux de la Convention du Futur Arm\u00e9nien est la transparence. Dans ce contexte, les organisateurs et les experts internationaux ont assur\u00e9 une transparence totale concernant les travaux de la Convention ainsi que son processus pr\u00e9paratoire.<\/p>\n","protected":false},"excerpt":{"rendered":"<p>Les Comit\u00e9s d\u2019experts ont \u00e9t\u00e9 form\u00e9s au cours de la premi\u00e8re phase pr\u00e9paratoire de la Convention. Apr\u00e8s plusieurs r\u00e9unions, ils ont \u00e9labor\u00e9 des projets de sc\u00e9narios et de recommandations pour chaque objectif, bas\u00e9s sur les avis d\u2019experts. Pour la recherche et l\u2019analyse de chaque objectif, l\u2019initiative Le FUTUR ARM\u00c9NIEN a invit\u00e9 les meilleurs sp\u00e9cialistes dans [&hellip;]<\/p>\n","protected":false},"author":99,"featured_media":0,"parent":67425,"menu_order":0,"comment_status":"closed","ping_status":"closed","template":"page-templates\/convention-experts.php","meta":{"_acf_changed":false,"footnotes":""},"class_list":["post-67579","page","type-page","status-publish","hentry"],"acf":[],"_links":{"self":[{"href":"https:\/\/futurearmenian.com\/fr\/wp-json\/wp\/v2\/pages\/67579","targetHints":{"allow":["GET"]}}],"collection":[{"href":"https:\/\/futurearmenian.com\/fr\/wp-json\/wp\/v2\/pages"}],"about":[{"href":"https:\/\/futurearmenian.com\/fr\/wp-json\/wp\/v2\/types\/page"}],"author":[{"embeddable":true,"href":"https:\/\/futurearmenian.com\/fr\/wp-json\/wp\/v2\/users\/99"}],"replies":[{"embeddable":true,"href":"https:\/\/futurearmenian.com\/fr\/wp-json\/wp\/v2\/comments?post=67579"}],"version-history":[{"count":2,"href":"https:\/\/futurearmenian.com\/fr\/wp-json\/wp\/v2\/pages\/67579\/revisions"}],"predecessor-version":[{"id":67588,"href":"https:\/\/futurearmenian.com\/fr\/wp-json\/wp\/v2\/pages\/67579\/revisions\/67588"}],"up":[{"embeddable":true,"href":"https:\/\/futurearmenian.com\/fr\/wp-json\/wp\/v2\/pages\/67425"}],"wp:attachment":[{"href":"https:\/\/futurearmenian.com\/fr\/wp-json\/wp\/v2\/media?parent=67579"}],"curies":[{"name":"wp","href":"https:\/\/api.w.org\/{rel}","templated":true}]}}