{"id":67585,"date":"2022-08-10T22:54:07","date_gmt":"2022-08-10T18:54:07","guid":{"rendered":"https:\/\/futurearmenian.com\/convention\/topics\/"},"modified":"2023-08-21T16:30:54","modified_gmt":"2023-08-21T12:30:54","slug":"topics","status":"publish","type":"page","link":"https:\/\/futurearmenian.com\/fr\/convention\/topics\/","title":{"rendered":"Sujets de la Convention"},"content":{"rendered":"<p><strong>Objectifs de la Convention<\/strong><\/p>\n<p>Lors de la Convention du Futur Arm\u00e9nien, qui s\u2019est tenue du 10 au 12 mars 2023, trois objectifs parmi les 15 \u00e9nonc\u00e9s en avril 2021 par l\u2019initiative Le FUTUR ARM\u00c9NIEN ont \u00e9t\u00e9 discut\u00e9s : \u00ab Responsabilit\u00e9 historique \u00bb, \u00ab Unit\u00e9 Arm\u00e9nie-Diaspora \u00bb et \u00ab Croissance de la population \u00bb \u2024<\/p>\n<p>Une enqu\u00eate a \u00e9t\u00e9 men\u00e9e aupr\u00e8s des signataires, et les trois objectifs mentionn\u00e9s ci-dessus ont \u00e9t\u00e9 choisis en raison de leur n\u00e9cessit\u00e9 de r\u00e9solution urgente.<\/p>\n<p>Des experts de premier rang dans le domaine ont tenu plusieurs r\u00e9unions qui ont abouti \u00e0 l\u2019\u00e9laboration de projets de sc\u00e9narios et de recommandations fond\u00e9s sur les arguments des sp\u00e9cialistes. Ces propositions ont ensuite \u00e9t\u00e9 pr\u00e9sent\u00e9es aux participants de la Convention pour \u00eatre r\u00e9vis\u00e9es et discut\u00e9es. Comme r\u00e9sultat des discussions et du vote, la Convention a formul\u00e9 un ensemble de sc\u00e9narios et de recommandations potentiels \u00e0 l\u2019attention des gouvernements et des organisations en Arm\u00e9nie et dans la Diaspora.<\/p>\n","protected":false},"excerpt":{"rendered":"<p>Objectifs de la Convention Lors de la Convention du Futur Arm\u00e9nien, qui s\u2019est tenue du 10 au 12 mars 2023, trois objectifs parmi les 15 \u00e9nonc\u00e9s en avril 2021 par l\u2019initiative Le FUTUR ARM\u00c9NIEN ont \u00e9t\u00e9 discut\u00e9s : \u00ab Responsabilit\u00e9 historique \u00bb, \u00ab Unit\u00e9 Arm\u00e9nie-Diaspora \u00bb et \u00ab Croissance de la population \u00bb \u2024 Une [&hellip;]<\/p>\n","protected":false},"author":1,"featured_media":0,"parent":67425,"menu_order":0,"comment_status":"closed","ping_status":"closed","template":"page-templates\/convention-topics.php","meta":{"_acf_changed":false,"footnotes":""},"class_list":["post-67585","page","type-page","status-publish","hentry"],"acf":[],"_links":{"self":[{"href":"https:\/\/futurearmenian.com\/fr\/wp-json\/wp\/v2\/pages\/67585","targetHints":{"allow":["GET"]}}],"collection":[{"href":"https:\/\/futurearmenian.com\/fr\/wp-json\/wp\/v2\/pages"}],"about":[{"href":"https:\/\/futurearmenian.com\/fr\/wp-json\/wp\/v2\/types\/page"}],"author":[{"embeddable":true,"href":"https:\/\/futurearmenian.com\/fr\/wp-json\/wp\/v2\/users\/1"}],"replies":[{"embeddable":true,"href":"https:\/\/futurearmenian.com\/fr\/wp-json\/wp\/v2\/comments?post=67585"}],"version-history":[{"count":2,"href":"https:\/\/futurearmenian.com\/fr\/wp-json\/wp\/v2\/pages\/67585\/revisions"}],"predecessor-version":[{"id":67587,"href":"https:\/\/futurearmenian.com\/fr\/wp-json\/wp\/v2\/pages\/67585\/revisions\/67587"}],"up":[{"embeddable":true,"href":"https:\/\/futurearmenian.com\/fr\/wp-json\/wp\/v2\/pages\/67425"}],"wp:attachment":[{"href":"https:\/\/futurearmenian.com\/fr\/wp-json\/wp\/v2\/media?parent=67585"}],"curies":[{"name":"wp","href":"https:\/\/api.w.org\/{rel}","templated":true}]}}